{"id":1172,"date":"2025-07-15T11:49:54","date_gmt":"2025-07-15T09:49:54","guid":{"rendered":"https:\/\/www.formacionproximidad.eu\/?page_id=1172"},"modified":"2025-07-28T13:02:25","modified_gmt":"2025-07-28T11:02:25","slug":"aviso-legal-pt","status":"publish","type":"page","link":"https:\/\/www.formacionproximidad.eu\/pt-pt\/aviso-legal-pt\/","title":{"rendered":"Aviso legal &#8211; (Pt)"},"content":{"rendered":"\n<p><\/p>\n\n\n\n<h2 class=\"wp-block-heading\">Informa\u00e7\u00e3o Geral<\/h2>\n\n\n\n<p>Em cumprimento do dever de informa\u00e7\u00e3o previsto no artigo 10\u00ba da <strong>Lei 34\/2002<\/strong>, de 11 de julho, de <strong>Servi\u00e7os da Sociedade da Informa\u00e7\u00e3o e do Com\u00e9rcio Eletr\u00f3nico (LSSI-CE)<\/strong>, apresenta-se a seguinte informa\u00e7\u00e3o:<\/p>\n\n\n\n<p><strong>-Propriet\u00e1rio do<\/strong> s\u00edtio Web: Funda\u00e7\u00e3o INTRAS<\/p>\n\n\n\n<p><strong>-CIF<\/strong>: G-47346629<\/p>\n\n\n\n<p>&#8211;<strong>Sede<\/strong> social: C\/ Mart\u00edn Santos Romero 1. 47016 Valladolid, Espanha.<\/p>\n\n\n\n<p><strong>-Telefone<\/strong>: +34 983 396 403<\/p>\n\n\n\n<p><strong>-E-mail<\/strong> de contacto: <a>intras@intras.es<\/a><\/p>\n\n\n\n<p><strong>-Site:<\/strong> <a href=\"https:\/\/www.formacionproximidad.eu\/\">https:\/\/www.formacionproximidad.eu\/<\/a><\/p>\n\n\n\n<h2 class=\"wp-block-heading\">Objeto<\/h2>\n\n\n\n<p>Este site foi criado para fornecer informa\u00e7\u00f5es sobre o projeto &#8220;LabretoRaya&#8221; da Fundaci\u00f3n INTRAS, bem como para oferecer conte\u00fados relacionados com as suas actividades, servi\u00e7os, not\u00edcias e projectos.<\/p>\n\n\n\n<h2 class=\"wp-block-heading\">Propriedade intelectual e industrial<\/h2>\n\n\n\n<p>Todos os conte\u00fados do site (incluindo, mas n\u00e3o se limitando a textos, imagens, gr\u00e1ficos, ficheiros \u00e1udio e v\u00eddeo, c\u00f3digo fonte, design gr\u00e1fico, log\u00f3tipos, marcas, etc.) s\u00e3o propriedade da <strong>Funda\u00e7\u00e3o INTRAS<\/strong> ou de terceiros que autorizaram a sua utiliza\u00e7\u00e3o. Estes conte\u00fados est\u00e3o protegidos pela legisla\u00e7\u00e3o em vigor em mat\u00e9ria de propriedade intelectual e industrial.<\/p>\n\n\n\n<p>A sua reprodu\u00e7\u00e3o, distribui\u00e7\u00e3o, comunica\u00e7\u00e3o p\u00fablica ou transforma\u00e7\u00e3o, no todo ou em parte, \u00e9 proibida sem a autoriza\u00e7\u00e3o expressa da Funda\u00e7\u00e3o INTRAS.<\/p>\n\n\n\n<h2 class=\"wp-block-heading\">Responsabilidade<\/h2>\n\n\n\n<p>A Funda\u00e7\u00e3o INTRAS n\u00e3o se responsabiliza pela m\u00e1 utiliza\u00e7\u00e3o dos conte\u00fados do site, sendo da exclusiva responsabilidade da pessoa que acede ou utiliza esses conte\u00fados.<\/p>\n\n\n\n<p>Tamb\u00e9m n\u00e3o garante a aus\u00eancia de v\u00edrus ou de outros elementos que possam causar danos nos sistemas inform\u00e1ticos dos utilizadores, pelo que n\u00e3o se responsabiliza por quaisquer danos que da\u00ed possam resultar.<\/p>\n\n\n\n<h2 class=\"wp-block-heading\">Liga\u00e7\u00f5es<\/h2>\n\n\n\n<p>Este s\u00edtio Web pode conter liga\u00e7\u00f5es a s\u00edtios externos sobre os quais a Funda\u00e7\u00e3o INTRAS n\u00e3o tem qualquer controlo e, por conseguinte, n\u00e3o assume qualquer responsabilidade pelo conte\u00fado, pol\u00edticas ou pr\u00e1ticas desses s\u00edtios ligados.<\/p>\n\n\n\n<h2 class=\"wp-block-heading\">Lei aplic\u00e1vel e jurisdi\u00e7\u00e3o<\/h2>\n\n\n\n<p>O presente Aviso Legal rege-se pela legisla\u00e7\u00e3o espanhola. Para qualquer lit\u00edgio que possa surgir em rela\u00e7\u00e3o ao site ou \u00e0 atividade nele desenvolvida, ser\u00e3o competentes os tribunais da cidade de Valladolid, salvo disposi\u00e7\u00e3o legal em contr\u00e1rio.<\/p>\n\n\n\n<p><\/p>\n","protected":false},"excerpt":{"rendered":"<p>Informa\u00e7\u00e3o Geral Em cumprimento do dever de informa\u00e7\u00e3o previsto no artigo 10\u00ba da Lei 34\/2002, de 11 de julho, de Servi\u00e7os da Sociedade da Informa\u00e7\u00e3o e do Com\u00e9rcio Eletr\u00f3nico (LSSI-CE), apresenta-se a seguinte informa\u00e7\u00e3o: -Propriet\u00e1rio do s\u00edtio Web: Funda\u00e7\u00e3o INTRAS -CIF: G-47346629 &#8211;Sede social: C\/ Mart\u00edn Santos Romero 1. 47016 Valladolid, Espanha. -Telefone: +34 983 396 403 -E-mail de contacto: intras@intras.es -Site: https:\/\/www.formacionproximidad.eu\/ Objeto Este site foi criado para fornecer informa\u00e7\u00f5es sobre o projeto &#8220;LabretoRaya&#8221; da Fundaci\u00f3n INTRAS, bem como para oferecer conte\u00fados relacionados com as suas actividades, servi\u00e7os, not\u00edcias e projectos. Propriedade intelectual e industrial Todos os conte\u00fados do site (incluindo, mas n\u00e3o se limitando a textos, imagens, gr\u00e1ficos, ficheiros \u00e1udio e v\u00eddeo, c\u00f3digo fonte, design gr\u00e1fico, log\u00f3tipos, marcas, etc.) s\u00e3o propriedade da Funda\u00e7\u00e3o INTRAS ou de terceiros que autorizaram a sua utiliza\u00e7\u00e3o. Estes conte\u00fados est\u00e3o protegidos pela legisla\u00e7\u00e3o em vigor em mat\u00e9ria de propriedade intelectual e industrial. A sua reprodu\u00e7\u00e3o, distribui\u00e7\u00e3o, comunica\u00e7\u00e3o p\u00fablica ou transforma\u00e7\u00e3o, no todo ou em parte, \u00e9 proibida sem a autoriza\u00e7\u00e3o expressa da Funda\u00e7\u00e3o INTRAS. Responsabilidade A Funda\u00e7\u00e3o INTRAS n\u00e3o se responsabiliza pela m\u00e1 utiliza\u00e7\u00e3o dos conte\u00fados do site, sendo da exclusiva responsabilidade da pessoa que acede ou utiliza esses conte\u00fados. Tamb\u00e9m n\u00e3o garante a aus\u00eancia de v\u00edrus ou de outros elementos que possam causar danos nos sistemas inform\u00e1ticos dos utilizadores, pelo que n\u00e3o se responsabiliza por quaisquer danos que da\u00ed possam resultar. Liga\u00e7\u00f5es Este s\u00edtio Web pode conter liga\u00e7\u00f5es a s\u00edtios externos sobre os quais a Funda\u00e7\u00e3o INTRAS n\u00e3o tem qualquer controlo e, por conseguinte, n\u00e3o assume qualquer responsabilidade pelo conte\u00fado, pol\u00edticas ou pr\u00e1ticas desses s\u00edtios ligados. Lei aplic\u00e1vel e jurisdi\u00e7\u00e3o O presente Aviso Legal rege-se pela legisla\u00e7\u00e3o espanhola. Para qualquer lit\u00edgio que possa surgir em rela\u00e7\u00e3o ao site ou \u00e0 atividade nele desenvolvida, ser\u00e3o competentes os tribunais da cidade de Valladolid, salvo disposi\u00e7\u00e3o legal em contr\u00e1rio.<\/p>\n","protected":false},"author":1,"featured_media":0,"parent":0,"menu_order":0,"comment_status":"closed","ping_status":"closed","template":"","meta":{"_eb_attr":"","footnotes":""},"class_list":["post-1172","page","type-page","status-publish","hentry"],"_links":{"self":[{"href":"https:\/\/www.formacionproximidad.eu\/pt-pt\/wp-json\/wp\/v2\/pages\/1172","targetHints":{"allow":["GET"]}}],"collection":[{"href":"https:\/\/www.formacionproximidad.eu\/pt-pt\/wp-json\/wp\/v2\/pages"}],"about":[{"href":"https:\/\/www.formacionproximidad.eu\/pt-pt\/wp-json\/wp\/v2\/types\/page"}],"author":[{"embeddable":true,"href":"https:\/\/www.formacionproximidad.eu\/pt-pt\/wp-json\/wp\/v2\/users\/1"}],"replies":[{"embeddable":true,"href":"https:\/\/www.formacionproximidad.eu\/pt-pt\/wp-json\/wp\/v2\/comments?post=1172"}],"version-history":[{"count":2,"href":"https:\/\/www.formacionproximidad.eu\/pt-pt\/wp-json\/wp\/v2\/pages\/1172\/revisions"}],"predecessor-version":[{"id":1270,"href":"https:\/\/www.formacionproximidad.eu\/pt-pt\/wp-json\/wp\/v2\/pages\/1172\/revisions\/1270"}],"wp:attachment":[{"href":"https:\/\/www.formacionproximidad.eu\/pt-pt\/wp-json\/wp\/v2\/media?parent=1172"}],"curies":[{"name":"wp","href":"https:\/\/api.w.org\/{rel}","templated":true}]}}