{"id":853,"date":"2024-09-30T13:15:16","date_gmt":"2024-09-30T11:15:16","guid":{"rendered":"https:\/\/www.formacionproximidad.eu\/formacao\/"},"modified":"2025-07-15T12:43:01","modified_gmt":"2025-07-15T10:43:01","slug":"formacao","status":"publish","type":"page","link":"https:\/\/www.formacionproximidad.eu\/pt-pt\/formacao\/","title":{"rendered":"Forma\u00e7\u00e3o"},"content":{"rendered":"\t\t<div data-elementor-type=\"wp-page\" data-elementor-id=\"853\" class=\"elementor elementor-853 elementor-13\">\n\t\t\t\t<div class=\"elementor-element elementor-element-b9ff04c e-flex e-con-boxed wpr-particle-no wpr-jarallax-no wpr-parallax-no wpr-sticky-section-no e-con e-parent\" data-id=\"b9ff04c\" data-element_type=\"container\">\n\t\t\t\t\t<div class=\"e-con-inner\">\n\t\t<div class=\"elementor-element elementor-element-5e76846 e-con-full e-flex wpr-particle-no wpr-jarallax-no wpr-parallax-no wpr-sticky-section-no e-con e-child\" data-id=\"5e76846\" data-element_type=\"container\">\n\t\t<div class=\"elementor-element elementor-element-2b95339 e-con-full e-flex wpr-particle-no wpr-jarallax-no wpr-parallax-no wpr-sticky-section-no e-con e-child\" data-id=\"2b95339\" data-element_type=\"container\">\n\t\t<div class=\"elementor-element elementor-element-770c980 e-con-full e-flex wpr-particle-no wpr-jarallax-no wpr-parallax-no wpr-sticky-section-no e-con e-child\" data-id=\"770c980\" data-element_type=\"container\">\n\t\t<div class=\"elementor-element elementor-element-52d2f01 e-con-full e-flex wpr-particle-no wpr-jarallax-no wpr-parallax-no wpr-sticky-section-no e-con e-child\" data-id=\"52d2f01\" data-element_type=\"container\">\n\t\t\t\t<div class=\"elementor-element elementor-element-6110fc8 elementor-widget elementor-widget-image\" data-id=\"6110fc8\" data-element_type=\"widget\" data-widget_type=\"image.default\">\n\t\t\t\t\t\t\t\t\t\t\t\t\t\t\t<img fetchpriority=\"high\" decoding=\"async\" width=\"300\" height=\"300\" src=\"https:\/\/www.formacionproximidad.eu\/wp-content\/uploads\/2024\/10\/Logo-formacion-proximidad_interreg-300x300.jpg\" class=\"attachment-medium size-medium wp-image-828\" alt=\"\" srcset=\"https:\/\/www.formacionproximidad.eu\/wp-content\/uploads\/2024\/10\/Logo-formacion-proximidad_interreg-300x300.jpg 300w, https:\/\/www.formacionproximidad.eu\/wp-content\/uploads\/2024\/10\/Logo-formacion-proximidad_interreg-1024x1024.jpg 1024w, https:\/\/www.formacionproximidad.eu\/wp-content\/uploads\/2024\/10\/Logo-formacion-proximidad_interreg-150x150.jpg 150w, https:\/\/www.formacionproximidad.eu\/wp-content\/uploads\/2024\/10\/Logo-formacion-proximidad_interreg-768x768.jpg 768w, https:\/\/www.formacionproximidad.eu\/wp-content\/uploads\/2024\/10\/Logo-formacion-proximidad_interreg-1536x1536.jpg 1536w, https:\/\/www.formacionproximidad.eu\/wp-content\/uploads\/2024\/10\/Logo-formacion-proximidad_interreg-2048x2048.jpg 2048w\" sizes=\"(max-width: 300px) 100vw, 300px\" \/>\t\t\t\t\t\t\t\t\t\t\t\t\t\t\t<\/div>\n\t\t\t\t<\/div>\n\t\t<div class=\"elementor-element elementor-element-1842e25 e-con-full e-flex wpr-particle-no wpr-jarallax-no wpr-parallax-no wpr-sticky-section-no e-con e-child\" data-id=\"1842e25\" data-element_type=\"container\">\n\t\t<section class=\"elementor-element elementor-element-ff4c930 e-con-full e-flex wpr-particle-no wpr-jarallax-no wpr-parallax-no wpr-sticky-section-no e-con e-child\" data-id=\"ff4c930\" data-element_type=\"container\" data-settings=\"{&quot;background_background&quot;:&quot;classic&quot;}\">\n\t\t\t\t<div class=\"elementor-element elementor-element-f893ee3 wpr-pointer-none wpr-sub-icon-none wpr-mobile-menu-auto-width wpr-main-menu-align-left wpr-main-menu-align--tabletleft wpr-main-menu-align--mobileleft wpr-sub-menu-fx-fade wpr-nav-menu-bp-mobile wpr-mobile-menu-drdown-align-center wpr-mobile-menu-item-align-center wpr-mobile-toggle-v1 wpr-sub-divider-yes wpr-mobile-divider-yes elementor-widget elementor-widget-wpr-nav-menu\" data-id=\"f893ee3\" data-element_type=\"widget\" data-settings=\"{&quot;menu_layout&quot;:&quot;horizontal&quot;}\" data-widget_type=\"wpr-nav-menu.default\">\n\t\t\t\t\t<nav class=\"wpr-nav-menu-container wpr-nav-menu-horizontal\" data-trigger=\"hover\"><ul id=\"menu-1-f893ee3\" class=\"wpr-nav-menu\"><li class=\"menu-item menu-item-type-post_type menu-item-object-page menu-item-home menu-item-851\"><a href=\"https:\/\/www.formacionproximidad.eu\/pt-pt\/\" class=\"wpr-menu-item wpr-pointer-item\">In\u00edcio<\/a><\/li>\n<li class=\"menu-item menu-item-type-custom menu-item-object-custom menu-item-1043\"><a href=\"#elproyecto\" class=\"wpr-menu-item wpr-pointer-item\">O projeto<\/a><\/li>\n<li class=\"menu-item menu-item-type-custom menu-item-object-custom menu-item-has-children menu-item-1027\"><a href=\"#quienessomos\" class=\"wpr-menu-item wpr-pointer-item\">Quem somos<i class=\"wpr-sub-icon fas\" aria-hidden=\"true\"><\/i><\/a>\n<ul class=\"sub-menu wpr-sub-menu\">\n\t<li class=\"menu-item menu-item-type-post_type menu-item-object-page menu-item-1037\"><a href=\"https:\/\/www.formacionproximidad.eu\/pt-pt\/quem-somos\/\" class=\"wpr-sub-menu-item\">Sobre n\u00f3s \u2013 descri\u00e7\u00f5es<\/a><\/li>\n<\/ul>\n<\/li>\n<li class=\"menu-item menu-item-type-custom menu-item-object-custom menu-item-1022\"><a href=\"#resultados\" class=\"wpr-menu-item wpr-pointer-item\">Resultados<\/a><\/li>\n<li class=\"menu-item menu-item-type-post_type menu-item-object-page menu-item-1228\"><a href=\"https:\/\/www.formacionproximidad.eu\/pt-pt\/formacao\/\" class=\"wpr-menu-item wpr-pointer-item\">Forma\u00e7\u00e3o<\/a><\/li>\n<li class=\"menu-item menu-item-type-custom menu-item-object-custom menu-item-955\"><a href=\"#contacto\" class=\"wpr-menu-item wpr-pointer-item\">Contacto<\/a><\/li>\n<li class=\"menu-item wpml-ls-slot-2 wpml-ls-item wpml-ls-item-pt-pt wpml-ls-current-language wpml-ls-menu-item wpml-ls-first-item menu-item-type-wpml_ls_menu_item menu-item-object-wpml_ls_menu_item menu-item-has-children menu-item-wpml-ls-2-pt-pt\"><a href=\"https:\/\/www.formacionproximidad.eu\/pt-pt\/\" class=\"wpr-menu-item wpr-pointer-item\">\n            <img decoding=\"async\" class=\"wpml-ls-flag\" src=\"https:\/\/www.formacionproximidad.eu\/wp-content\/plugins\/sitepress-multilingual-cms\/res\/flags\/pt-pt.svg\" alt=\"\" \/><span class=\"wpml-ls-native\">Portugu\u00eas<\/span><i class=\"wpr-sub-icon fas\" aria-hidden=\"true\"><\/i><\/a>\n<ul class=\"sub-menu wpr-sub-menu\">\n\t<li class=\"menu-item wpml-ls-slot-2 wpml-ls-item wpml-ls-item-es wpml-ls-menu-item wpml-ls-last-item menu-item-type-wpml_ls_menu_item menu-item-object-wpml_ls_menu_item menu-item-wpml-ls-2-es\"><a href=\"https:\/\/www.formacionproximidad.eu\/\" title=\"Switch to Espanhol\" class=\"wpr-sub-menu-item\"><img decoding=\"async\"\n            class=\"wpml-ls-flag\"\n            src=\"https:\/\/www.formacionproximidad.eu\/wp-content\/plugins\/sitepress-multilingual-cms\/res\/flags\/es.svg\"\n            alt=\"\"\n            \n            \n    \/><span class=\"wpml-ls-native\" lang=\"es\">Espa\u00f1ol<\/span><span class=\"wpml-ls-display\"><span class=\"wpml-ls-bracket\"> (<\/span>Espanhol<span class=\"wpml-ls-bracket\">)<\/span><\/span><\/a><\/li>\n<\/ul>\n<\/li>\n<\/ul><\/nav><nav class=\"wpr-mobile-nav-menu-container\"><div class=\"wpr-mobile-toggle-wrap\"><div class=\"wpr-mobile-toggle\"><span class=\"wpr-mobile-toggle-line\"><\/span><span class=\"wpr-mobile-toggle-line\"><\/span><span class=\"wpr-mobile-toggle-line\"><\/span><\/div><\/div><ul id=\"mobile-menu-2-f893ee3\" class=\"wpr-mobile-nav-menu\"><li class=\"menu-item menu-item-type-post_type menu-item-object-page menu-item-home menu-item-851\"><a href=\"https:\/\/www.formacionproximidad.eu\/pt-pt\/\" class=\"wpr-mobile-menu-item\">In\u00edcio<\/a><\/li>\n<li class=\"menu-item menu-item-type-custom menu-item-object-custom menu-item-1043\"><a href=\"#elproyecto\" class=\"wpr-mobile-menu-item\">O projeto<\/a><\/li>\n<li class=\"menu-item menu-item-type-custom menu-item-object-custom menu-item-has-children menu-item-1027\"><a href=\"#quienessomos\" class=\"wpr-mobile-menu-item\">Quem somos<\/a>\n<ul class=\"sub-menu wpr-sub-menu\">\n\t<li class=\"menu-item menu-item-type-post_type menu-item-object-page menu-item-1037\"><a href=\"https:\/\/www.formacionproximidad.eu\/pt-pt\/quem-somos\/\" class=\"wpr-mobile-sub-menu-item\">Sobre n\u00f3s \u2013 descri\u00e7\u00f5es<\/a><\/li>\n<\/ul>\n<\/li>\n<li class=\"menu-item menu-item-type-custom menu-item-object-custom menu-item-1022\"><a href=\"#resultados\" class=\"wpr-mobile-menu-item\">Resultados<\/a><\/li>\n<li class=\"menu-item menu-item-type-post_type menu-item-object-page menu-item-1228\"><a href=\"https:\/\/www.formacionproximidad.eu\/pt-pt\/formacao\/\" class=\"wpr-mobile-menu-item\">Forma\u00e7\u00e3o<\/a><\/li>\n<li class=\"menu-item menu-item-type-custom menu-item-object-custom menu-item-955\"><a href=\"#contacto\" class=\"wpr-mobile-menu-item\">Contacto<\/a><\/li>\n<li class=\"menu-item wpml-ls-slot-2 wpml-ls-item wpml-ls-item-pt-pt wpml-ls-current-language wpml-ls-menu-item wpml-ls-first-item menu-item-type-wpml_ls_menu_item menu-item-object-wpml_ls_menu_item menu-item-has-children menu-item-wpml-ls-2-pt-pt\"><a href=\"https:\/\/www.formacionproximidad.eu\/pt-pt\/\" title=\"Switch to Portugu\u00eas\" class=\"wpr-mobile-menu-item\"><img decoding=\"async\"\n            class=\"wpml-ls-flag\"\n            src=\"https:\/\/www.formacionproximidad.eu\/wp-content\/plugins\/sitepress-multilingual-cms\/res\/flags\/pt-pt.svg\"\n            alt=\"\"\n            \n            \n    \/><span class=\"wpml-ls-native\" lang=\"pt-pt\">Portugu\u00eas<\/span><\/a>\n<ul class=\"sub-menu wpr-sub-menu\">\n\t<li class=\"menu-item wpml-ls-slot-2 wpml-ls-item wpml-ls-item-es wpml-ls-menu-item wpml-ls-last-item menu-item-type-wpml_ls_menu_item menu-item-object-wpml_ls_menu_item menu-item-wpml-ls-2-es\"><a href=\"https:\/\/www.formacionproximidad.eu\/\" title=\"Switch to Espanhol\" class=\"wpr-mobile-sub-menu-item\"><img decoding=\"async\"\n            class=\"wpml-ls-flag\"\n            src=\"https:\/\/www.formacionproximidad.eu\/wp-content\/plugins\/sitepress-multilingual-cms\/res\/flags\/es.svg\"\n            alt=\"\"\n            \n            \n    \/><span class=\"wpml-ls-native\" lang=\"es\">Espa\u00f1ol<\/span><span class=\"wpml-ls-display\"><span class=\"wpml-ls-bracket\"> (<\/span>Espanhol<span class=\"wpml-ls-bracket\">)<\/span><\/span><\/a><\/li>\n<\/ul>\n<\/li>\n<\/ul><\/nav>\t\t\t\t<\/div>\n\t\t\t\t<\/section>\n\t\t\t\t<\/div>\n\t\t\t\t<\/div>\n\t\t\t\t<\/div>\n\t\t\t\t<\/div>\n\t\t\t\t\t<\/div>\n\t\t\t\t<\/div>\n\t\t<div class=\"elementor-element elementor-element-deec4c6 e-flex e-con-boxed wpr-particle-no wpr-jarallax-no wpr-parallax-no wpr-sticky-section-no e-con e-parent\" data-id=\"deec4c6\" data-element_type=\"container\">\n\t\t\t\t\t<div class=\"e-con-inner\">\n\t\t<div class=\"elementor-element elementor-element-2191780 e-con-full e-flex wpr-particle-no wpr-jarallax-no wpr-parallax-no wpr-sticky-section-no e-con e-child\" data-id=\"2191780\" data-element_type=\"container\">\n\t\t<div class=\"elementor-element elementor-element-e3f1858 e-con-full e-flex wpr-particle-no wpr-jarallax-no wpr-parallax-no wpr-sticky-section-no e-con e-child\" data-id=\"e3f1858\" data-element_type=\"container\">\n\t\t\t\t<div class=\"elementor-element elementor-element-2f6f8bd elementor-widget elementor-widget-image\" data-id=\"2f6f8bd\" data-element_type=\"widget\" data-widget_type=\"image.default\">\n\t\t\t\t\t\t\t\t\t\t\t\t\t\t\t<img decoding=\"async\" width=\"960\" height=\"405\" src=\"https:\/\/www.formacionproximidad.eu\/wp-content\/uploads\/2025\/07\/pagina-upss_pt.gif\" class=\"attachment-large size-large wp-image-1230\" alt=\"\" \/>\t\t\t\t\t\t\t\t\t\t\t\t\t\t\t<\/div>\n\t\t\t\t<\/div>\n\t\t\t\t<\/div>\n\t\t\t\t\t<\/div>\n\t\t\t\t<\/div>\n\t\t<div class=\"elementor-element elementor-element-6e9158b e-flex e-con-boxed wpr-particle-no wpr-jarallax-no wpr-parallax-no wpr-sticky-section-no e-con e-parent\" data-id=\"6e9158b\" data-element_type=\"container\">\n\t\t\t\t\t<div class=\"e-con-inner\">\n\t\t<div class=\"elementor-element elementor-element-3638263 e-con-full e-flex wpr-particle-no wpr-jarallax-no wpr-parallax-no wpr-sticky-section-no e-con e-child\" data-id=\"3638263\" data-element_type=\"container\">\n\t\t<div class=\"elementor-element elementor-element-d98962f e-con-full e-flex wpr-particle-no wpr-jarallax-no wpr-parallax-no wpr-sticky-section-no e-con e-child\" data-id=\"d98962f\" data-element_type=\"container\">\n\t\t<div class=\"elementor-element elementor-element-a0c8389 e-con-full e-flex wpr-particle-no wpr-jarallax-no wpr-parallax-no wpr-sticky-section-no e-con e-child\" data-id=\"a0c8389\" data-element_type=\"container\">\n\t\t\t\t<div class=\"elementor-element elementor-element-c345937 elementor-view-default elementor-widget elementor-widget-icon\" data-id=\"c345937\" data-element_type=\"widget\" data-widget_type=\"icon.default\">\n\t\t\t\t\t\t\t<div class=\"elementor-icon-wrapper\">\n\t\t\t<div class=\"elementor-icon\">\n\t\t\t<svg xmlns=\"http:\/\/www.w3.org\/2000\/svg\" id=\"Capa_1\" viewBox=\"0 0 99.63 137.03\"><defs><style>.cls-1,.cls-2,.cls-3,.cls-4,.cls-5,.cls-6{stroke-width:0px;}.cls-1,.cls-7{fill:none;}.cls-2{fill:#fff;}.cls-7{stroke-linecap:round;stroke-linejoin:round;stroke-width:.27px;}.cls-7,.cls-8{stroke:#fff;}.cls-3,.cls-4{fill:#1d70b7;}.cls-4{opacity:.5;}.cls-8{stroke-miterlimit:10;stroke-width:2.27px;}.cls-8,.cls-6{fill:#f29100;}.cls-5{fill:#001d37;}<\/style><\/defs><ellipse class=\"cls-4\" cx=\"50.37\" cy=\"122.04\" rx=\"40.11\" ry=\"3.91\"><\/ellipse><path class=\"cls-6\" d=\"m50.06,10.63h0c25.31,0,45.86,20.55,45.86,45.86v45.86h-45.86c-25.31,0-45.86-20.55-45.86-45.86h0C4.2,31.18,24.75,10.63,50.06,10.63Z\" transform=\"translate(54.61 -18.85) rotate(45)\"><\/path><path class=\"cls-5\" d=\"m49.94,20.16c-19.42,0-35.14,15.76-35.14,35.14s15.72,35.14,35.14,35.14,35.14-15.72,35.14-35.14-15.76-35.14-35.14-35.14Zm17.79,46.39l1.56,1.63-.51.47-.2-.78-.07-.17c0-.27-.07-.37-.27-.58l-.54-.54.03-.03Zm-7.15,9.96l-.88-.91c.2.07.41.17.58.27l.75.2-.44.44Z\"><\/path><polygon class=\"cls-2\" points=\"58.17 58.7 67.38 67.9 62.3 69.63 38.51 45.85 41.97 42.49 48.87 49.39 58.17 58.7\"><\/polygon><polygon class=\"cls-2\" points=\"62.3 69.63 60.57 74.71 51.36 65.51 42.06 56.2 35.16 49.3 38.51 45.85 62.3 69.63\"><\/polygon><path class=\"cls-3\" d=\"m35.25,82.87c-.29,0-.58-.1-.86-.38l-9.3-9.3c-.19-.19-.38-.58-.38-.86s.1-.57.38-.86l16.11-16.11c.48-.48,1.25-.48,1.73,0s.48,1.25,0,1.73l7.67,7.67c.48-.48,1.25-.48,1.73,0,.48.48.48,1.25,0,1.73l-16.21,16.02c-.19.19-.48.38-.86.38\"><\/path><path class=\"cls-3\" d=\"m58.17,59.94c-.29,0-.58-.1-.86-.38-.48-.48-.48-1.25,0-1.73l-7.58-7.58c-.48.48-1.25.48-1.73,0-.48-.48-.48-1.25,0-1.73l16.11-16.11c.48-.48,1.25-.48,1.73,0l9.3,9.3c.19.19.38.58.38.86s-.1.58-.38.86l-16.11,16.11c-.29.29-.58.38-.86.38\"><\/path><path class=\"cls-6\" d=\"m71.12,77.3c0,.58-.58,1.15-1.25,1.15h-.3l-8.54-2.37-.75-.2c-.17-.1-.37-.2-.58-.27l-.68-.71-8.51-8.51-16.23-16.33-3.12-3.12-.24-.24c-.44-.44-.81-.95-1.05-1.49-1.12-2.24-.78-5.08,1.05-6.91,1.15-1.15,2.61-1.73,4.24-1.73,1.08,0,2.1.27,2.98.81.34.17.64.41.95.68.1.07.17.14.27.24l.54.54,3.19,3.15,24.6,24.6.54.54c.2.2.27.31.27.58l.07.17.2.78,2.24,8.27c0,.07.1.3.1.37Z\"><\/path><line class=\"cls-8\" x1=\"35.64\" y1=\"42.62\" x2=\"63.71\" y2=\"70.69\"><\/line><line class=\"cls-1\" x1=\"30.76\" y1=\"45.87\" x2=\"39.92\" y2=\"37.3\"><\/line><path class=\"cls-2\" d=\"m39.91,38.83l-8.37,7.86c-.14.1-.24.17-.37.24l-.24-.24c-.44-.44-.81-.95-1.05-1.49,0-.07.07-.14.1-.17l8.17-7.66c.34.17.64.41.95.68.1.07.17.14.27.24l.54.54Z\"><\/path><path class=\"cls-6\" d=\"m61.02,76.08l-.44.44-.88-.91c.2.07.41.17.58.27l.75.2Z\"><\/path><path class=\"cls-6\" d=\"m69.29,68.18l-.51.47-.2-.78-.07-.17c0-.27-.07-.37-.27-.58l-.54-.54.03-.03,1.56,1.63Z\"><\/path><path class=\"cls-2\" d=\"m68.78,68.65l-7.76,7.42-.75-.2c-.17-.1-.37-.2-.58-.27l-.68-.71,8.67-8.3.54.54c.2.2.27.31.27.58l.07.17.2.78Z\"><\/path><line class=\"cls-7\" x1=\"27.06\" y1=\"71.51\" x2=\"30.94\" y2=\"75.51\"><\/line><line class=\"cls-7\" x1=\"28.33\" y1=\"70.27\" x2=\"31.07\" y2=\"73.1\"><\/line><line class=\"cls-7\" x1=\"29.6\" y1=\"69.04\" x2=\"32.34\" y2=\"71.87\"><\/line><line class=\"cls-7\" x1=\"30.87\" y1=\"67.8\" x2=\"33.62\" y2=\"70.63\"><\/line><line class=\"cls-7\" x1=\"32.15\" y1=\"66.57\" x2=\"34.89\" y2=\"69.39\"><\/line><line class=\"cls-7\" x1=\"33.42\" y1=\"65.33\" x2=\"37.3\" y2=\"69.34\"><\/line><line class=\"cls-7\" x1=\"34.69\" y1=\"64.1\" x2=\"37.43\" y2=\"66.92\"><\/line><line class=\"cls-7\" x1=\"35.96\" y1=\"62.86\" x2=\"38.71\" y2=\"65.69\"><\/line><line class=\"cls-7\" x1=\"37.24\" y1=\"61.63\" x2=\"39.98\" y2=\"64.45\"><\/line><line class=\"cls-7\" x1=\"38.51\" y1=\"60.39\" x2=\"41.25\" y2=\"63.22\"><\/line><line class=\"cls-7\" x1=\"39.78\" y1=\"59.16\" x2=\"43.67\" y2=\"63.16\"><\/line><line class=\"cls-7\" x1=\"52.03\" y1=\"47.13\" x2=\"55.91\" y2=\"51.13\"><\/line><line class=\"cls-7\" x1=\"53.3\" y1=\"45.89\" x2=\"56.04\" y2=\"48.72\"><\/line><line class=\"cls-7\" x1=\"54.57\" y1=\"44.66\" x2=\"57.32\" y2=\"47.48\"><\/line><line class=\"cls-7\" x1=\"55.84\" y1=\"43.42\" x2=\"58.59\" y2=\"46.25\"><\/line><line class=\"cls-7\" x1=\"57.12\" y1=\"42.19\" x2=\"59.86\" y2=\"45.01\"><\/line><line class=\"cls-7\" x1=\"58.39\" y1=\"40.95\" x2=\"62.28\" y2=\"44.96\"><\/line><line class=\"cls-7\" x1=\"59.66\" y1=\"39.72\" x2=\"62.41\" y2=\"42.54\"><\/line><line class=\"cls-7\" x1=\"60.93\" y1=\"38.48\" x2=\"63.68\" y2=\"41.31\"><\/line><line class=\"cls-7\" x1=\"62.21\" y1=\"37.25\" x2=\"64.95\" y2=\"40.07\"><\/line><line class=\"cls-7\" x1=\"63.48\" y1=\"36.01\" x2=\"66.22\" y2=\"38.84\"><\/line><line class=\"cls-7\" x1=\"64.75\" y1=\"34.78\" x2=\"68.64\" y2=\"38.78\"><\/line><\/svg>\t\t\t<\/div>\n\t\t<\/div>\n\t\t\t\t\t\t<\/div>\n\t\t\t\t<\/div>\n\t\t<div class=\"elementor-element elementor-element-d46c916 e-con-full e-flex wpr-particle-no wpr-jarallax-no wpr-parallax-no wpr-sticky-section-no e-con e-child\" data-id=\"d46c916\" data-element_type=\"container\" data-settings=\"{&quot;background_background&quot;:&quot;classic&quot;}\">\n\t\t\t\t<\/div>\n\t\t\t\t<div class=\"elementor-element elementor-element-e663cbe elementor-widget elementor-widget-text-editor\" data-id=\"e663cbe\" data-element_type=\"widget\" data-widget_type=\"text-editor.default\">\n\t\t\t\t\t\t\t\t\t<p><span data-teams=\"true\">Projeto com o apoio financeiro da Uni\u00e3o Europeia no \u00e2mbito do programa de coopera\u00e7\u00e3o INTERREG VA Espanha-Portugal (POCTEP). Os conte\u00fados s\u00e3o da exclusiva responsabilidade dos parceiros do projeto. <\/span><\/p>\t\t\t\t\t\t\t\t<\/div>\n\t\t\t\t<\/div>\n\t\t<div class=\"elementor-element elementor-element-adb45f3 e-con-full e-flex wpr-particle-no wpr-jarallax-no wpr-parallax-no wpr-sticky-section-no e-con e-child\" data-id=\"adb45f3\" data-element_type=\"container\">\n\t\t\t\t<div class=\"elementor-element elementor-element-f623e37 elementor-widget__width-initial e-transform elementor-widget-divider--view-line elementor-widget elementor-widget-divider\" data-id=\"f623e37\" data-element_type=\"widget\" data-settings=\"{&quot;_transform_rotateZ_effect&quot;:{&quot;unit&quot;:&quot;px&quot;,&quot;size&quot;:90,&quot;sizes&quot;:[]},&quot;_transform_rotateZ_effect_tablet&quot;:{&quot;unit&quot;:&quot;deg&quot;,&quot;size&quot;:&quot;&quot;,&quot;sizes&quot;:[]},&quot;_transform_rotateZ_effect_mobile&quot;:{&quot;unit&quot;:&quot;deg&quot;,&quot;size&quot;:&quot;&quot;,&quot;sizes&quot;:[]}}\" data-widget_type=\"divider.default\">\n\t\t\t\t\t\t\t<div class=\"elementor-divider\">\n\t\t\t<span class=\"elementor-divider-separator\">\n\t\t\t\t\t\t<\/span>\n\t\t<\/div>\n\t\t\t\t\t\t<\/div>\n\t\t\t\t<\/div>\n\t\t<div class=\"elementor-element elementor-element-47a3f5b e-con-full e-flex wpr-particle-no wpr-jarallax-no wpr-parallax-no wpr-sticky-section-no e-con e-child\" data-id=\"47a3f5b\" data-element_type=\"container\">\n\t\t<div class=\"elementor-element elementor-element-7757663 e-con-full e-flex wpr-particle-no wpr-jarallax-no wpr-parallax-no wpr-sticky-section-no e-con e-child\" data-id=\"7757663\" data-element_type=\"container\">\n\t\t\t\t<div class=\"elementor-element elementor-element-d0dc61c elementor-invisible elementor-widget elementor-widget-heading\" data-id=\"d0dc61c\" data-element_type=\"widget\" data-settings=\"{&quot;_animation&quot;:&quot;zoomInDown&quot;}\" data-widget_type=\"heading.default\">\n\t\t\t\t\t<h4 class=\"elementor-heading-title elementor-size-default\">Segue-nos nas redes sociais<\/h4>\t\t\t\t<\/div>\n\t\t\t\t<div class=\"elementor-element elementor-element-31562b2 elementor-shape-circle e-grid-align-left elementor-widget__width-auto elementor-grid-0 elementor-invisible elementor-widget elementor-widget-social-icons\" data-id=\"31562b2\" data-element_type=\"widget\" data-settings=\"{&quot;_animation&quot;:&quot;fadeIn&quot;}\" data-widget_type=\"social-icons.default\">\n\t\t\t\t\t\t\t<div class=\"elementor-social-icons-wrapper elementor-grid\">\n\t\t\t\t\t\t\t<span class=\"elementor-grid-item\">\n\t\t\t\t\t<a class=\"elementor-icon elementor-social-icon elementor-social-icon-linkedin elementor-animation-pop elementor-repeater-item-da4f047\" href=\"https:\/\/www.linkedin.com\/showcase\/proyecto-formaci%C3%B3n-de-proximidad\/posts\/?feedView=all\" target=\"_blank\">\n\t\t\t\t\t\t<span class=\"elementor-screen-only\">Linkedin<\/span>\n\t\t\t\t\t\t<svg class=\"e-font-icon-svg e-fab-linkedin\" viewBox=\"0 0 448 512\" xmlns=\"http:\/\/www.w3.org\/2000\/svg\"><path d=\"M416 32H31.9C14.3 32 0 46.5 0 64.3v383.4C0 465.5 14.3 480 31.9 480H416c17.6 0 32-14.5 32-32.3V64.3c0-17.8-14.4-32.3-32-32.3zM135.4 416H69V202.2h66.5V416zm-33.2-243c-21.3 0-38.5-17.3-38.5-38.5S80.9 96 102.2 96c21.2 0 38.5 17.3 38.5 38.5 0 21.3-17.2 38.5-38.5 38.5zm282.1 243h-66.4V312c0-24.8-.5-56.7-34.5-56.7-34.6 0-39.9 27-39.9 54.9V416h-66.4V202.2h63.7v29.2h.9c8.9-16.8 30.6-34.5 62.9-34.5 67.2 0 79.7 44.3 79.7 101.9V416z\"><\/path><\/svg>\t\t\t\t\t<\/a>\n\t\t\t\t<\/span>\n\t\t\t\t\t<\/div>\n\t\t\t\t\t\t<\/div>\n\t\t<div class=\"elementor-element elementor-element-52ece36 e-con-full e-flex wpr-particle-no wpr-jarallax-no wpr-parallax-no wpr-sticky-section-no e-con e-child\" data-id=\"52ece36\" data-element_type=\"container\">\n\t\t<div class=\"elementor-element elementor-element-f357e32 e-con-full e-flex wpr-particle-no wpr-jarallax-no wpr-parallax-no wpr-sticky-section-no e-con e-child\" data-id=\"f357e32\" data-element_type=\"container\">\n\t\t\t\t<div class=\"elementor-element elementor-element-fd5406b elementor-widget elementor-widget-text-editor\" data-id=\"fd5406b\" data-element_type=\"widget\" data-widget_type=\"text-editor.default\">\n\t\t\t\t\t\t\t\t\t<p>Pol\u00edtica de <a href=\"https:\/\/www.formacionproximidad.eu\/pt-pt\/politica-de-privacidade\">Prote\u00e7\u00e3o de Dados<\/a> e<a href=\"http:\/\/cookies-e-politica-dhttps:\/\/www.formacionproximidad.eu\/cookies-e-politica-de-privacidade\" data-wplink-url-error=\"true\"> Cookies.<\/a>\u00a0<a href=\"https:\/\/www.formacionproximidad.eu\/pt-pt\/aviso-legal-pt\/\">Aviso legal<\/a><\/p>\t\t\t\t\t\t\t\t<\/div>\n\t\t\t\t<\/div>\n\t\t\t\t<\/div>\n\t\t\t\t<\/div>\n\t\t\t\t<\/div>\n\t\t\t\t<\/div>\n\t\t\t\t\t<\/div>\n\t\t\t\t<\/div>\n\t\t\t\t<\/div>\n\t\t","protected":false},"excerpt":{"rendered":"<p>In\u00edcio O projeto Quem somos Sobre n\u00f3s \u2013 descri\u00e7\u00f5es Resultados Forma\u00e7\u00e3o Contacto In\u00edcio O projeto Quem somos Sobre n\u00f3s \u2013 descri\u00e7\u00f5es Resultados Forma\u00e7\u00e3o Contacto Projeto com o apoio financeiro da Uni\u00e3o Europeia no \u00e2mbito do programa de coopera\u00e7\u00e3o INTERREG VA Espanha-Portugal (POCTEP). Os conte\u00fados s\u00e3o da exclusiva responsabilidade dos parceiros do projeto. Segue-nos nas redes sociais Linkedin Pol\u00edtica de Prote\u00e7\u00e3o de Dados e Cookies.\u00a0Aviso legal<\/p>\n","protected":false},"author":1,"featured_media":0,"parent":0,"menu_order":0,"comment_status":"closed","ping_status":"closed","template":"","meta":{"_eb_attr":"","footnotes":""},"class_list":["post-853","page","type-page","status-publish","hentry"],"_links":{"self":[{"href":"https:\/\/www.formacionproximidad.eu\/pt-pt\/wp-json\/wp\/v2\/pages\/853","targetHints":{"allow":["GET"]}}],"collection":[{"href":"https:\/\/www.formacionproximidad.eu\/pt-pt\/wp-json\/wp\/v2\/pages"}],"about":[{"href":"https:\/\/www.formacionproximidad.eu\/pt-pt\/wp-json\/wp\/v2\/types\/page"}],"author":[{"embeddable":true,"href":"https:\/\/www.formacionproximidad.eu\/pt-pt\/wp-json\/wp\/v2\/users\/1"}],"replies":[{"embeddable":true,"href":"https:\/\/www.formacionproximidad.eu\/pt-pt\/wp-json\/wp\/v2\/comments?post=853"}],"version-history":[{"count":6,"href":"https:\/\/www.formacionproximidad.eu\/pt-pt\/wp-json\/wp\/v2\/pages\/853\/revisions"}],"predecessor-version":[{"id":1237,"href":"https:\/\/www.formacionproximidad.eu\/pt-pt\/wp-json\/wp\/v2\/pages\/853\/revisions\/1237"}],"wp:attachment":[{"href":"https:\/\/www.formacionproximidad.eu\/pt-pt\/wp-json\/wp\/v2\/media?parent=853"}],"curies":[{"name":"wp","href":"https:\/\/api.w.org\/{rel}","templated":true}]}}