{"id":856,"date":"2024-09-19T15:30:05","date_gmt":"2024-09-19T13:30:05","guid":{"rendered":"https:\/\/www.formacionproximidad.eu\/politica-de-privacidade\/"},"modified":"2025-05-15T12:18:36","modified_gmt":"2025-05-15T10:18:36","slug":"politica-de-privacidade","status":"publish","type":"page","link":"https:\/\/www.formacionproximidad.eu\/pt-pt\/politica-de-privacidade\/","title":{"rendered":"Pol\u00edtica de privacidade"},"content":{"rendered":"\n<h3 class=\"wp-block-heading\">DADOS DA PESSOA RESPONS\u00c1VEL PELO TRATAMENTO DE DADOS e D.P.O.<\/h3>\n\n<p>&#8211; Nome da organiza\u00e7\u00e3o: FUNDACI\u00d3N INTRAS.<br\/>&#8211; Endere\u00e7o: C\/ Mart\u00edn Santos Romero 1. 47016 Valladolid, Espanha.<br\/>&#8211; Telefone: 983 399 633<br\/>&#8211; E-mail: <a href=\"mailto:intras@intras.es\">intras@intras.es<\/a><br\/>&#8211; CIF: G-47345061<br\/>&#8211; Registo: Classificada como entidade privada de car\u00e1cter assistencial pelo Minist\u00e9rio dos Assuntos Sociais por Ordem de 2 de mar\u00e7o de 1995 (BOE n.\u00ba 75) de 29 de mar\u00e7o de 1995. Registo do Protetorado de Funda\u00e7\u00f5es n.\u00ba 47\/0102.<br\/>&#8211; Delegado de Prote\u00e7\u00e3o de Dados: se desejares contactar o nosso Delegado de Prote\u00e7\u00e3o de Dados para qualquer quest\u00e3o relacionada com o tratamento dos teus dados, podes faz\u00ea-lo atrav\u00e9s dos seguintes dados: C\/ Mart\u00edn Santos Romero 1. 47016 Valladolid, <a href=\"mailto:dpo@intras.es\">dpo@intras.es<\/a>   <\/p>\n\n<h3 class=\"wp-block-heading\">OBJECTIVOS DO TRATAMENTO DE DADOS PESSOAIS<\/h3>\n\n<p><strong><u>OBJECTIVOS DO TRATAMENTO DE DADOS PESSOAIS <\/u><\/strong><strong><u>DADOS PESSOAIS<\/u><\/strong><\/p>\n\n<ol class=\"wp-block-list\">\n<li><strong>Gest\u00e3o dos contactos e da publicidade:<\/strong>\n<ol class=\"wp-block-list\">\n<li>Objetivo.\n<ul class=\"wp-block-list\">\n<li>Contactar potenciais clientes ou partes interessadas.<\/li>\n\n\n\n<li>Para responder ao teu pedido de informa\u00e7\u00f5es\/servi\u00e7os feito por qualquer meio ou formul\u00e1rio de contacto.<\/li>\n\n\n\n<li>Envia produtos, comunica\u00e7\u00f5es e informa\u00e7\u00f5es por v\u00e1rios meios, incluindo meios electr\u00f3nicos.<\/li>\n<\/ul>\n<\/li>\n\n\n\n<li>Legitima\u00e7\u00e3o. A legitimidade para o tratamento dos teus dados \u00e9 o interesse leg\u00edtimo e o consentimento do titular dos dados. <\/li>\n\n\n\n<li>Destinat\u00e1rios. N\u00e3o ser\u00e3o transferidos quaisquer dados a terceiros, exceto se fores legalmente obrigado a faz\u00ea-lo. <\/li>\n<\/ol>\n<\/li>\n\n\n\n<li><strong>Envio de CVs e candidaturas<\/strong>\n<ol class=\"wp-block-list\">\n<li>Objetivo. Gerir os processos de sele\u00e7\u00e3o de pessoal que s\u00e3o realizados. <\/li>\n\n\n\n<li>Legitima\u00e7\u00e3o. A legitimidade para o tratamento de dados pessoais baseia-se no consentimento expresso dado pela pessoa em causa. <\/li>\n\n\n\n<li>Destinat\u00e1rios. Nenhum dado ser\u00e1 transferido para terceiros, exceto se a tal for legalmente obrigado<strong>.<\/strong> <\/li>\n<\/ol>\n<\/li>\n\n\n\n<li><strong>Exclusivamente para contactos profissionais.<\/strong>\n<ol class=\"wp-block-list\">\n<li>Objetivo. Processamos os teus dados pessoais para manter a rela\u00e7\u00e3o profissional que temos entre n\u00f3s. <\/li>\n\n\n\n<li>Legitima\u00e7\u00e3o. A legitima\u00e7\u00e3o para o tratamento dos teus dados \u00e9 o interesse leg\u00edtimo. <\/li>\n\n\n\n<li>Destinat\u00e1rios. N\u00e3o ser\u00e3o transferidos quaisquer dados a terceiros, exceto se fores legalmente obrigado a faz\u00ea-lo. <\/li>\n<\/ol>\n<\/li>\n\n\n\n<li><strong>Seguran\u00e7a.<\/strong>\n<ol class=\"wp-block-list\">\n<li>Objetivo. Controlo e garantia de pessoas, bens e instala\u00e7\u00f5es, acessos e visitas. <\/li>\n\n\n\n<li>Legitima\u00e7\u00e3o. Interesse p\u00fablico, interesse leg\u00edtimo e consentimento (este \u00faltimo no caso de ser efectuado um controlo de acesso \u00e0s visitas). <\/li>\n\n\n\n<li>Destinat\u00e1rios. N\u00e3o ser\u00e3o transferidos quaisquer dados a terceiros, exceto se fores legalmente obrigado a faz\u00ea-lo. <\/li>\n<\/ol>\n<\/li>\n\n\n\n<li><a><strong>Tratamento dos nossos doadores e contribui\u00e7\u00f5es volunt\u00e1rias.<\/strong><\/a>\n<ol class=\"wp-block-list\">\n<li>Finalidade. Tratamos os dados com o objetivo de gerir as obriga\u00e7\u00f5es decorrentes da tua contribui\u00e7\u00e3o\/doa\u00e7\u00e3o volunt\u00e1ria. <\/li>\n\n\n\n<li>Legitima\u00e7\u00e3o. Cumprir as obriga\u00e7\u00f5es decorrentes da sua contribui\u00e7\u00e3o volunt\u00e1ria. <\/li>\n\n\n\n<li>Destinat\u00e1rios. N\u00e3o ser\u00e3o transferidos quaisquer dados a terceiros, exceto se fores legalmente obrigado a faz\u00ea-lo. <\/li>\n<\/ol>\n<\/li>\n\n\n\n<li><strong>Recursos Humanos<\/strong>\n<ol class=\"wp-block-list\">\n<li>Gest\u00e3o da rela\u00e7\u00e3o laboral existente: gest\u00e3o dos ficheiros laborais, dos sal\u00e1rios e da a\u00e7\u00e3o social do pessoal, processamento de reclama\u00e7\u00f5es laborais, reclama\u00e7\u00f5es administrativas, bem como controlo do tempo e do absentismo.<\/li>\n\n\n\n<li>Legitima\u00e7\u00e3o. Consentimento, cumprimento de uma obriga\u00e7\u00e3o legal, execu\u00e7\u00e3o de um contrato e interesse leg\u00edtimo. <\/li>\n\n\n\n<li>Destinat\u00e1rios. N\u00e3o ser\u00e3o transferidos quaisquer dados a terceiros, exceto se fores legalmente obrigado a faz\u00ea-lo. <\/li>\n<\/ol>\n<\/li>\n\n\n\n<li><strong>Aten\u00e7\u00e3o aos direitos das pessoas em causa<\/strong>\n<ol class=\"wp-block-list\">\n<li>Objetivo: Responder aos pedidos dos titulares dos dados no exerc\u00edcio dos direitos estabelecidos no Regulamento Geral sobre a Prote\u00e7\u00e3o de Dados.<\/li>\n\n\n\n<li>Legitima\u00e7\u00e3o. Cumprimento de uma obriga\u00e7\u00e3o legal. <\/li>\n\n\n\n<li>Destinat\u00e1rios. N\u00e3o ser\u00e3o transferidos quaisquer dados a terceiros, exceto se fores legalmente obrigado a faz\u00ea-lo. <\/li>\n<\/ol>\n<\/li>\n\n\n\n<li><strong>Gest\u00e3o de viola\u00e7\u00f5es de seguran\u00e7a<\/strong>\n<ol class=\"wp-block-list\">\n<li>Gest\u00e3o e avalia\u00e7\u00e3o das viola\u00e7\u00f5es de seguran\u00e7a.<\/li>\n\n\n\n<li>Legitima\u00e7\u00e3o. Cumprimento de uma obriga\u00e7\u00e3o legal ou contratual. <\/li>\n\n\n\n<li>Destinat\u00e1rios. N\u00e3o ser\u00e3o transferidos quaisquer dados a terceiros, exceto se fores legalmente obrigado a faz\u00ea-lo. <\/li>\n<\/ol>\n<\/li>\n\n\n\n<li><strong>Servi\u00e7os e clientes da Funda\u00e7\u00e3o:<\/strong>\n<ol class=\"wp-block-list\">\n<li>Gest\u00e3o de projectos relacionados com o objeto da Funda\u00e7\u00e3o e da participa\u00e7\u00e3o dos utentes\/clientes nas actividades que dirige ou em que a Funda\u00e7\u00e3o est\u00e1 integrada (servi\u00e7os de assist\u00eancia, forma\u00e7\u00e3o, centros residenciais, servi\u00e7os tecnol\u00f3gicos, servi\u00e7os de lazer, servi\u00e7os de coloca\u00e7\u00e3o e orienta\u00e7\u00e3o profissional).<\/li>\n\n\n\n<li>Legitima\u00e7\u00e3o. Execu\u00e7\u00e3o e desenvolvimento da rela\u00e7\u00e3o existente entre as partes (contratual ou pr\u00e9-contratual). Consentimento das pessoas em causa ou dos seus representantes. Tratamento necess\u00e1rio para o cumprimento de uma obriga\u00e7\u00e3o legal e de um interesse leg\u00edtimo.   <\/li>\n\n\n\n<li>Destinat\u00e1rios. N\u00e3o ser\u00e3o transferidos quaisquer dados a terceiros, exceto se fores legalmente obrigado a faz\u00ea-lo. <\/li>\n<\/ol>\n<\/li>\n<\/ol>\n\n<h3 class=\"wp-block-heading\">DIREITOS NO TRATAMENTO DE DADOS<\/h3>\n\n<p>Tens o direito de aceder aos teus dados pessoais, de os retificar ou apagar, de limitar o seu tratamento, de te opores ao seu tratamento, o direito \u00e0 portabilidade, de retirar o teu consentimento, de te opores \u00e0 publicidade. Consulta <a href=\"https:\/\/www.intras.es\/politica-de-privacidad\">https:\/\/www.intras.es\/politica-de-privacidad,<\/a> ou contacta os endere\u00e7os do respons\u00e1vel pelo tratamento de dados. <\/p>\n\n<h3 class=\"wp-block-heading\">INFORMA\u00c7\u00d5ES ADICIONAIS SOBRE A PROTEC\u00c7\u00c3O DE DADOS<\/h3>\n\n<p>Os dados que podemos recolher atrav\u00e9s da utiliza\u00e7\u00e3o e navega\u00e7\u00e3o no site, atrav\u00e9s dos nossos formul\u00e1rios, via e-mail ou como resultado da rela\u00e7\u00e3o contratual que te vincula a n\u00f3s s\u00e3o dados pessoais. Ao preencher cada um dos formul\u00e1rios de recolha de informa\u00e7\u00e3o, ser-te-\u00e3o solicitados dados que podem ser identificados como obrigat\u00f3rios e que, se n\u00e3o os forneceres, n\u00e3o poder\u00e3o ser cumpridas as finalidades descritas em cada um dos formul\u00e1rios ou documentos a preencher.   <br\/>Em algumas ocasi\u00f5es, informamos-te de que, pelo simples facto de utilizares e navegares no nosso s\u00edtio Web e enviares mensagens de correio eletr\u00f3nico, podem ser acrescentadas informa\u00e7\u00f5es \u00e0s nossas bases de dados. \u00c9s informado disto na nossa pol\u00edtica de cookies.<br\/>O Respons\u00e1vel pelo Tratamento reserva-se o direito de modificar ou adaptar esta Pol\u00edtica de Privacidade a qualquer momento. Por isso, recomendamos que a revejas sempre que acedas ao S\u00edtio Web. No caso de o utilizador se ter registado no s\u00edtio Web e aceder \u00e0 sua conta ou perfil, ao aceder ao mesmo, ser\u00e1 informado de que houve modifica\u00e7\u00f5es substanciais em rela\u00e7\u00e3o ao tratamento dos seus dados pessoais.     <\/p>\n\n<p><strong>Durante quanto tempo conservaremos os teus dados pessoais?<\/strong><\/p>\n\n<figure class=\"wp-block-table\"><table class=\"has-fixed-layout\"><tbody><tr><td><strong>PROCESSAMENTO DE DADOS<\/strong><\/td><td colspan=\"2\"><strong>TEMPO DE RETEN\u00c7\u00c3O DOS DADOS<\/strong><\/td><\/tr><tr><td><strong>Formul\u00e1rio de contacto com possibilidade de reavivar an\u00fancios<\/strong><\/td><td><strong>A<\/strong><strong>cep\u00e7\u00f5es para receberes publicidade<\/strong><\/td><td>Os teus dados pessoais ser\u00e3o tratados at\u00e9 revogares o teu consentimento.<\/td><\/tr><tr><td>\u00a0<\/td><td><strong>N\u00e3o aceites receber publicidade<\/strong><\/td><td>Os teus dados pessoais ser\u00e3o tratados durante o tempo estritamente necess\u00e1rio para dar resposta ao teu pedido.<\/td><\/tr><tr><td><strong>CVs e candidaturas<\/strong><\/td><td colspan=\"2\">Os dados pessoais dos candidatos a emprego ser\u00e3o conservados por um per\u00edodo m\u00e1ximo de <strong>UM ANO <\/strong>a contar da rece\u00e7\u00e3o da candidatura e\/ou do curriculum vitae.<\/td><\/tr><tr><td><strong>Exclusivamente para contactos profissionais.<\/strong><\/td><td colspan=\"2\">Os dados pessoais dos candidatos a emprego ser\u00e3o conservados por um per\u00edodo m\u00e1ximo de <strong>UM ANO <\/strong>a contar da rece\u00e7\u00e3o da candidatura e\/ou do curriculum vitae.<\/td><\/tr><tr><td><strong>Exclusivamente para contactos profissionais<\/strong><\/td><td colspan=\"2\">At\u00e9 ao fim das nossas rela\u00e7\u00f5es profissionais ou at\u00e9 decidires cancelar ou opor-te ao tratamento dos teus dados de contacto<\/td><\/tr><tr><td><strong>Sistemas de videovigil\u00e2ncia<\/strong><\/td><td colspan=\"2\">As grava\u00e7\u00f5es ser\u00e3o conservadas durante um per\u00edodo de <strong>UM M\u00caS<\/strong> a partir da data de capta\u00e7\u00e3o.<\/td><\/tr><tr><td><strong>Tratamento dos nossos doadores e contribui\u00e7\u00f5es volunt\u00e1rias<\/strong><\/td><td colspan=\"2\">S\u00e3o conservados at\u00e9 janeiro do ano seguinte ao da contribui\u00e7\u00e3o volunt\u00e1ria e durante o prazo de prescri\u00e7\u00e3o das ac\u00e7\u00f5es judiciais.<\/td><\/tr><tr><td><strong>Recursos Humanos<\/strong><\/td><td colspan=\"2\">Os teus dados pessoais ser\u00e3o tratados at\u00e9 ao fim da rela\u00e7\u00e3o contratual e durante o per\u00edodo de limita\u00e7\u00e3o das ac\u00e7\u00f5es judiciais.<\/td><\/tr><tr><td><strong>Abordar os direitos dos titulares dos dados e gerir as viola\u00e7\u00f5es de seguran\u00e7a<\/strong><\/td><td colspan=\"2\">Os teus dados pessoais ser\u00e3o tratados at\u00e9 ao final da reclama\u00e7\u00e3o ou do processo e durante o per\u00edodo de prescri\u00e7\u00e3o das ac\u00e7\u00f5es judiciais.<\/td><\/tr><tr><td><strong>Servi\u00e7os da Funda\u00e7\u00e3o<\/strong><\/td><td colspan=\"2\">Os teus dados pessoais ser\u00e3o tratados at\u00e9 ao fim do servi\u00e7o e durante o per\u00edodo de limita\u00e7\u00e3o das ac\u00e7\u00f5es judiciais.<\/td><\/tr><\/tbody><\/table><\/figure>\n\n<p>Ser\u00e3o conservados durante o tempo necess\u00e1rio para cumprir a finalidade para a qual foram recolhidos e para determinar as poss\u00edveis responsabilidades que possam derivar da referida finalidade e do tratamento dos dados, ficando \u00e0 disposi\u00e7\u00e3o exclusiva dos Ju\u00edzes e Tribunais, do Minist\u00e9rio P\u00fablico, das Administra\u00e7\u00f5es e dos organismos competentes, devendo ser respeitados os prazos de prescri\u00e7\u00e3o das responsabilidades.<\/p>\n\n<ul class=\"wp-block-list\">\n<li>Os dados financeiros ser\u00e3o conservados em conformidade com as disposi\u00e7\u00f5es da Lei 58\/2003 de 17 de dezembro de 2003 relativa \u00e0 Fiscalidade Geral. Uma vez terminada a rela\u00e7\u00e3o contratual, os teus dados ser\u00e3o conservados durante um per\u00edodo de 4 anos, em conformidade com as disposi\u00e7\u00f5es da Lei Geral Tribut\u00e1ria. <\/li>\n\n\n\n<li>Para fins comerciais, uma vez terminada a rela\u00e7\u00e3o contratual, os teus dados ser\u00e3o conservados durante um per\u00edodo de 6 anos, em conformidade com as disposi\u00e7\u00f5es do Decreto Real de 22 de agosto de 1885 que aprova o C\u00f3digo Comercial.<\/li>\n\n\n\n<li>Para efeitos de preven\u00e7\u00e3o do branqueamento de capitais, os teus dados podem ser conservados durante um per\u00edodo de 10 anos.<\/li>\n\n\n\n<li>Para efeitos civis, uma vez terminada esta rela\u00e7\u00e3o contratual, os teus dados ser\u00e3o conservados durante um per\u00edodo legal de limita\u00e7\u00e3o das ac\u00e7\u00f5es de responsabilidade.<\/li>\n\n\n\n<li>Os dados relativos ao emprego ser\u00e3o conservados durante o per\u00edodo de prescri\u00e7\u00e3o das ac\u00e7\u00f5es judiciais, incluindo as do dom\u00ednio do emprego.<\/li>\n<\/ul>\n\n<p><strong>A que destinat\u00e1rios ser\u00e3o comunicados os teus dados?<\/strong><br\/>Tal como indicado nas informa\u00e7\u00f5es de base, os dados n\u00e3o ser\u00e3o divulgados a terceiros, exceto se tal for exigido por lei e com o consentimento da pessoa em causa. Nos casos em que tal seja necess\u00e1rio, os dados podem ser transferidos para organismos que cumpram uma obriga\u00e7\u00e3o legal, como, por exemplo: <\/p>\n\n<ol class=\"wp-block-list\">\n<li>Administra\u00e7\u00f5es (por exemplo, fiscal, laboral, seguran\u00e7a social, etc.).<\/li>\n\n\n\n<li>Ag\u00eancias de aplica\u00e7\u00e3o da lei.<\/li>\n\n\n\n<li>\u00c0s institui\u00e7\u00f5es banc\u00e1rias e financeiras competentes, para que possas estar em dia com os pagamentos.<\/li>\n\n\n\n<li>Centros de sa\u00fade e m\u00fatuas de seguros.<\/li>\n\n\n\n<li>Tribunais<\/li>\n<\/ol>\n\n<p><strong>Quais s\u00e3o os teus direitos em rela\u00e7\u00e3o ao tratamento de dados?<\/strong><br\/>Tu, enquanto titular dos dados, tens o direito de obter a confirma\u00e7\u00e3o da exist\u00eancia do tratamento dos teus dados, de aceder aos teus dados pessoais, de solicitar a retifica\u00e7\u00e3o dos dados inexactos ou, se for caso disso, de solicitar o seu apagamento, quando, entre outros motivos, os dados j\u00e1 n\u00e3o forem necess\u00e1rios para os fins para que foram recolhidos ou quando tu, enquanto titular dos dados, retirares o consentimento dado.<br\/>Esta entidade tratar\u00e1 e conservar\u00e1 os teus dados em conformidade com a regulamenta\u00e7\u00e3o em vigor, sem preju\u00edzo do facto de, enquanto titular dos dados, poderes solicitar, em qualquer caso, a limita\u00e7\u00e3o do tratamento dos teus dados. Em certos casos, podes exercer o teu direito \u00e0 portabilidade dos dados, que te ser\u00e3o entregues num formato estruturado, de uso corrente ou de leitura autom\u00e1tica, ou ao novo respons\u00e1vel pelo tratamento de dados que designares. <br\/>Tens o direito de retirar o teu consentimento em qualquer altura relativamente a qualquer opera\u00e7\u00e3o de tratamento para a qual tenhas dado o teu consentimento.<br\/>Para exerceres os teus direitos, contacta-nos para os endere\u00e7os acima indicados.<br\/>Dispomos de formul\u00e1rios para o exerc\u00edcio de todos os direitos acima mencionados, mas tamb\u00e9m podes utilizar os formul\u00e1rios elaborados pela Ag\u00eancia Espanhola de Prote\u00e7\u00e3o de Dados.<br\/>Ter\u00e1s o direito de apresentar uma queixa \u00e0 Ag\u00eancia Espanhola de Prote\u00e7\u00e3o de Dados no caso de considerares que os teus direitos n\u00e3o foram devidamente exercidos. O prazo m\u00e1ximo para a resolu\u00e7\u00e3o da tua reclama\u00e7\u00e3o ser\u00e1 de um m\u00eas a partir da rece\u00e7\u00e3o do teu pedido.<br\/>No caso de qualquer modifica\u00e7\u00e3o dos teus dados, agradecemos que nos informes devidamente por escrito para mantermos os teus dados actualizados. <\/p>\n","protected":false},"excerpt":{"rendered":"<p>DADOS DA PESSOA RESPONS\u00c1VEL PELO TRATAMENTO DE DADOS e D.P.O. &#8211; Nome da organiza\u00e7\u00e3o: FUNDACI\u00d3N INTRAS.&#8211; Endere\u00e7o: C\/ Mart\u00edn Santos Romero 1. 47016 Valladolid, Espanha.&#8211; Telefone: 983 399 633&#8211; E-mail: intras@intras.es&#8211; CIF: G-47345061&#8211; Registo: Classificada como entidade privada de car\u00e1cter assistencial pelo Minist\u00e9rio dos Assuntos Sociais por Ordem de 2 de mar\u00e7o de 1995 (BOE n.\u00ba 75) de 29 de mar\u00e7o de 1995. Registo do Protetorado de Funda\u00e7\u00f5es n.\u00ba 47\/0102.&#8211; Delegado de Prote\u00e7\u00e3o de Dados: se desejares contactar o nosso Delegado de Prote\u00e7\u00e3o de Dados para qualquer quest\u00e3o relacionada com o tratamento dos teus dados, podes faz\u00ea-lo atrav\u00e9s dos seguintes dados: C\/ Mart\u00edn Santos Romero 1. 47016 Valladolid, dpo@intras.es OBJECTIVOS DO TRATAMENTO DE DADOS PESSOAIS OBJECTIVOS DO TRATAMENTO DE DADOS PESSOAIS DADOS PESSOAIS DIREITOS NO TRATAMENTO DE DADOS Tens o direito de aceder aos teus dados pessoais, de os retificar ou apagar, de limitar o seu tratamento, de te opores ao seu tratamento, o direito \u00e0 portabilidade, de retirar o teu consentimento, de te opores \u00e0 publicidade. Consulta https:\/\/www.intras.es\/politica-de-privacidad, ou contacta os endere\u00e7os do respons\u00e1vel pelo tratamento de dados. INFORMA\u00c7\u00d5ES ADICIONAIS SOBRE A PROTEC\u00c7\u00c3O DE DADOS Os dados que podemos recolher atrav\u00e9s da utiliza\u00e7\u00e3o e navega\u00e7\u00e3o no site, atrav\u00e9s dos nossos formul\u00e1rios, via e-mail ou como resultado da rela\u00e7\u00e3o contratual que te vincula a n\u00f3s s\u00e3o dados pessoais. Ao preencher cada um dos formul\u00e1rios de recolha de informa\u00e7\u00e3o, ser-te-\u00e3o solicitados dados que podem ser identificados como obrigat\u00f3rios e que, se n\u00e3o os forneceres, n\u00e3o poder\u00e3o ser cumpridas as finalidades descritas em cada um dos formul\u00e1rios ou documentos a preencher. Em algumas ocasi\u00f5es, informamos-te de que, pelo simples facto de utilizares e navegares no nosso s\u00edtio Web e enviares mensagens de correio eletr\u00f3nico, podem ser acrescentadas informa\u00e7\u00f5es \u00e0s nossas bases de dados. \u00c9s informado disto na nossa pol\u00edtica de cookies.O Respons\u00e1vel pelo Tratamento reserva-se o direito de modificar ou adaptar esta Pol\u00edtica de Privacidade a qualquer momento. Por isso, recomendamos que a revejas sempre que acedas ao S\u00edtio Web. No caso de o utilizador se ter registado no s\u00edtio Web e aceder \u00e0 sua conta ou perfil, ao aceder ao mesmo, ser\u00e1 informado de que houve modifica\u00e7\u00f5es substanciais em rela\u00e7\u00e3o ao tratamento dos seus dados pessoais. Durante quanto tempo conservaremos os teus dados pessoais? PROCESSAMENTO DE DADOS TEMPO DE RETEN\u00c7\u00c3O DOS DADOS Formul\u00e1rio de contacto com possibilidade de reavivar an\u00fancios Acep\u00e7\u00f5es para receberes publicidade Os teus dados pessoais ser\u00e3o tratados at\u00e9 revogares o teu consentimento. \u00a0 N\u00e3o aceites receber publicidade Os teus dados pessoais ser\u00e3o tratados durante o tempo estritamente necess\u00e1rio para dar resposta ao teu pedido. CVs e candidaturas Os dados pessoais dos candidatos a emprego ser\u00e3o conservados por um per\u00edodo m\u00e1ximo de UM ANO a contar da rece\u00e7\u00e3o da candidatura e\/ou do curriculum vitae. Exclusivamente para contactos profissionais. Os dados pessoais dos candidatos a emprego ser\u00e3o conservados por um per\u00edodo m\u00e1ximo de UM ANO a contar da rece\u00e7\u00e3o da candidatura e\/ou do curriculum vitae. Exclusivamente para contactos profissionais At\u00e9 ao fim das nossas rela\u00e7\u00f5es profissionais ou at\u00e9 decidires cancelar ou opor-te ao tratamento dos teus dados de contacto Sistemas de videovigil\u00e2ncia As grava\u00e7\u00f5es ser\u00e3o conservadas durante um per\u00edodo de UM M\u00caS a partir da data de capta\u00e7\u00e3o. Tratamento dos nossos doadores e contribui\u00e7\u00f5es volunt\u00e1rias S\u00e3o conservados at\u00e9 janeiro do ano seguinte ao da contribui\u00e7\u00e3o volunt\u00e1ria e durante o prazo de prescri\u00e7\u00e3o das ac\u00e7\u00f5es judiciais. Recursos Humanos Os teus dados pessoais ser\u00e3o tratados at\u00e9 ao fim da rela\u00e7\u00e3o contratual e durante o per\u00edodo de limita\u00e7\u00e3o das ac\u00e7\u00f5es judiciais. Abordar os direitos dos titulares dos dados e gerir as viola\u00e7\u00f5es de seguran\u00e7a Os teus dados pessoais ser\u00e3o tratados at\u00e9 ao final da reclama\u00e7\u00e3o ou do processo e durante o per\u00edodo de prescri\u00e7\u00e3o das ac\u00e7\u00f5es judiciais. Servi\u00e7os da Funda\u00e7\u00e3o Os teus dados pessoais ser\u00e3o tratados at\u00e9 ao fim do servi\u00e7o e durante o per\u00edodo de limita\u00e7\u00e3o das ac\u00e7\u00f5es judiciais. Ser\u00e3o conservados durante o tempo necess\u00e1rio para cumprir a finalidade para a qual foram recolhidos e para determinar as poss\u00edveis responsabilidades que possam derivar da referida finalidade e do tratamento dos dados, ficando \u00e0 disposi\u00e7\u00e3o exclusiva dos Ju\u00edzes e Tribunais, do Minist\u00e9rio P\u00fablico, das Administra\u00e7\u00f5es e dos organismos competentes, devendo ser respeitados os prazos de prescri\u00e7\u00e3o das responsabilidades. A que destinat\u00e1rios ser\u00e3o comunicados os teus dados?Tal como indicado nas informa\u00e7\u00f5es de base, os dados n\u00e3o ser\u00e3o divulgados a terceiros, exceto se tal for exigido por lei e com o consentimento da pessoa em causa. Nos casos em que tal seja necess\u00e1rio, os dados podem ser transferidos para organismos que cumpram uma obriga\u00e7\u00e3o legal, como, por exemplo: Quais s\u00e3o os teus direitos em rela\u00e7\u00e3o ao tratamento de dados?Tu, enquanto titular dos dados, tens o direito de obter a confirma\u00e7\u00e3o da exist\u00eancia do tratamento dos teus dados, de aceder aos teus dados pessoais, de solicitar a retifica\u00e7\u00e3o dos dados inexactos ou, se for caso disso, de solicitar o seu apagamento, quando, entre outros motivos, os dados j\u00e1 n\u00e3o forem necess\u00e1rios para os fins para que foram recolhidos ou quando tu, enquanto titular dos dados, retirares o consentimento dado.Esta entidade tratar\u00e1 e conservar\u00e1 os teus dados em conformidade com a regulamenta\u00e7\u00e3o em vigor, sem preju\u00edzo do facto de, enquanto titular dos dados, poderes solicitar, em qualquer caso, a limita\u00e7\u00e3o do tratamento dos teus dados. Em certos casos, podes exercer o teu direito \u00e0 portabilidade dos dados, que te ser\u00e3o entregues num formato estruturado, de uso corrente ou de leitura autom\u00e1tica, ou ao novo respons\u00e1vel pelo tratamento de dados que designares. Tens o direito de retirar o teu consentimento em qualquer altura relativamente a qualquer opera\u00e7\u00e3o de tratamento para a qual tenhas dado o teu consentimento.Para exerceres os teus direitos, contacta-nos para os endere\u00e7os acima indicados.Dispomos de formul\u00e1rios para o exerc\u00edcio de todos os direitos acima mencionados, mas tamb\u00e9m podes utilizar os formul\u00e1rios elaborados pela Ag\u00eancia Espanhola de Prote\u00e7\u00e3o de Dados.Ter\u00e1s o direito de apresentar uma queixa \u00e0 Ag\u00eancia Espanhola de Prote\u00e7\u00e3o de Dados no caso de considerares que os teus direitos n\u00e3o foram devidamente exercidos. O prazo m\u00e1ximo para a resolu\u00e7\u00e3o da tua reclama\u00e7\u00e3o ser\u00e1<\/p>\n","protected":false},"author":1,"featured_media":0,"parent":0,"menu_order":0,"comment_status":"closed","ping_status":"closed","template":"elementor_header_footer","meta":{"_eb_attr":"","footnotes":""},"class_list":["post-856","page","type-page","status-publish","hentry"],"_links":{"self":[{"href":"https:\/\/www.formacionproximidad.eu\/pt-pt\/wp-json\/wp\/v2\/pages\/856","targetHints":{"allow":["GET"]}}],"collection":[{"href":"https:\/\/www.formacionproximidad.eu\/pt-pt\/wp-json\/wp\/v2\/pages"}],"about":[{"href":"https:\/\/www.formacionproximidad.eu\/pt-pt\/wp-json\/wp\/v2\/types\/page"}],"author":[{"embeddable":true,"href":"https:\/\/www.formacionproximidad.eu\/pt-pt\/wp-json\/wp\/v2\/users\/1"}],"replies":[{"embeddable":true,"href":"https:\/\/www.formacionproximidad.eu\/pt-pt\/wp-json\/wp\/v2\/comments?post=856"}],"version-history":[{"count":2,"href":"https:\/\/www.formacionproximidad.eu\/pt-pt\/wp-json\/wp\/v2\/pages\/856\/revisions"}],"predecessor-version":[{"id":1053,"href":"https:\/\/www.formacionproximidad.eu\/pt-pt\/wp-json\/wp\/v2\/pages\/856\/revisions\/1053"}],"wp:attachment":[{"href":"https:\/\/www.formacionproximidad.eu\/pt-pt\/wp-json\/wp\/v2\/media?parent=856"}],"curies":[{"name":"wp","href":"https:\/\/api.w.org\/{rel}","templated":true}]}}